{"id":22426,"date":"2025-07-11T13:02:48","date_gmt":"2025-07-11T11:02:48","guid":{"rendered":"https:\/\/evolute-institute.com\/?page_id=22426"},"modified":"2025-07-17T21:12:22","modified_gmt":"2025-07-17T19:12:22","slug":"stephanie-schoss-hsg","status":"publish","type":"page","link":"https:\/\/evolute-institute.com\/de\/stephanie-schoss-hsg\/","title":{"rendered":"Prof. Stephanie Schoss"},"content":{"rendered":"<div data-elementor-type=\"wp-page\" data-elementor-id=\"22426\" class=\"elementor elementor-22426\" data-elementor-post-type=\"page\">\n\t\t\t\t<div class=\"elementor-element elementor-element-c179e00 e-flex e-con-boxed e-con e-parent\" data-id=\"c179e00\" data-element_type=\"container\" data-e-type=\"container\" data-settings=\"{&quot;background_background&quot;:&quot;classic&quot;}\">\n\t\t\t\t\t<div class=\"e-con-inner\">\n\t\t\t\t<div class=\"elementor-element elementor-element-51b12a1 elementor-widget elementor-widget-html\" data-id=\"51b12a1\" data-element_type=\"widget\" data-e-type=\"widget\" data-widget_type=\"html.default\">\n\t\t\t\t<div class=\"elementor-widget-container\">\n\t\t\t\t\t<script type=\"application\/ld+json\">{\n    \"@context\": \"https:\\\/\\\/schema.org\\\/\",\n    \"@type\": \"Person\",\n    \"name\": \"Prof. Stephanie Schoss\",\n    \"url\": \"https:\\\/\\\/evolute-institute.com\\\/stephanie-schoss-hsg\\\/\",\n    \"image\": \"https:\\\/\\\/evolute-institute.com\\\/wp-content\\\/uploads\\\/2025\\\/07\\\/Stephsnie-Schoss_360x360.jpg\",\n    \"sameAs\": \"https:\\\/\\\/www.linkedin.com\\\/in\\\/stephanie-schoss-186201105\\\/?originalSubdomain=ch\",\n    \"jobTitle\": \"Director\",\n    \"worksFor\": {\n        \"@type\": \"Organization\",\n        \"name\": \"SG Executive School of Management, Technology & Law\"\n    }\n}<\/script>\t\t\t\t<\/div>\n\t\t\t\t<\/div>\n\t\t<div class=\"elementor-element elementor-element-bca3959 e-con-full e-flex e-con e-child\" data-id=\"bca3959\" data-element_type=\"container\" data-e-type=\"container\">\n\t\t\t\t<div class=\"elementor-element elementor-element-026a60f elementor-widget elementor-widget-heading\" data-id=\"026a60f\" data-element_type=\"widget\" data-e-type=\"widget\" data-widget_type=\"heading.default\">\n\t\t\t\t<div class=\"elementor-widget-container\">\n\t\t\t\t\t<h1 class=\"elementor-heading-title elementor-size-default\">Dr. Stephanie Schoss<\/h1>\t\t\t\t<\/div>\n\t\t\t\t<\/div>\n\t\t\t\t<div class=\"elementor-element elementor-element-a6a53e3 elementor-widget elementor-widget-text-editor\" data-id=\"a6a53e3\" data-element_type=\"widget\" data-e-type=\"widget\" data-widget_type=\"text-editor.default\">\n\t\t\t\t<div class=\"elementor-widget-container\">\n\t\t\t\t\t\t\t\t\t<p>Dr. Stephanie Schoss ist Leiterin des Kompetenzzentrums f\u00fcr Spitzenforschung am HSG Institute of International and Diversity Management. Stephanie Schoss studierte Betriebswirtschaftslehre an den Universit\u00e4ten St. Gallen, Harvard und der Singapore Management University und promovierte an der RWTH Aachen.\u00a0<\/p><p><!-- notionvc: 8938fada-a79e-4aad-86e6-dacd3f7e4cf0 --><\/p>\t\t\t\t\t\t\t\t<\/div>\n\t\t\t\t<\/div>\n\t\t\t\t<div class=\"elementor-element elementor-element-f856b4b e-grid-align-left elementor-shape-rounded elementor-grid-0 elementor-widget elementor-widget-social-icons\" data-id=\"f856b4b\" data-element_type=\"widget\" data-e-type=\"widget\" data-widget_type=\"social-icons.default\">\n\t\t\t\t<div class=\"elementor-widget-container\">\n\t\t\t\t\t\t\t<div class=\"elementor-social-icons-wrapper elementor-grid\" role=\"list\">\n\t\t\t\t\t\t\t<span class=\"elementor-grid-item\" role=\"listitem\">\n\t\t\t\t\t<a class=\"elementor-icon elementor-social-icon elementor-social-icon-linkedin elementor-repeater-item-6bfba8f\" href=\"https:\/\/www.linkedin.com\/in\/stephanie-schoss-186201105\/?originalSubdomain=ch\" target=\"_blank\">\n\t\t\t\t\t\t<span class=\"elementor-screen-only\">Linkedin<\/span>\n\t\t\t\t\t\t<svg aria-hidden=\"true\" class=\"e-font-icon-svg e-fab-linkedin\" viewbox=\"0 0 448 512\" xmlns=\"http:\/\/www.w3.org\/2000\/svg\"><path d=\"M416 32H31.9C14.3 32 0 46.5 0 64.3v383.4C0 465.5 14.3 480 31.9 480H416c17.6 0 32-14.5 32-32.3V64.3c0-17.8-14.4-32.3-32-32.3zM135.4 416H69V202.2h66.5V416zm-33.2-243c-21.3 0-38.5-17.3-38.5-38.5S80.9 96 102.2 96c21.2 0 38.5 17.3 38.5 38.5 0 21.3-17.2 38.5-38.5 38.5zm282.1 243h-66.4V312c0-24.8-.5-56.7-34.5-56.7-34.6 0-39.9 27-39.9 54.9V416h-66.4V202.2h63.7v29.2h.9c8.9-16.8 30.6-34.5 62.9-34.5 67.2 0 79.7 44.3 79.7 101.9V416z\"><\/path><\/svg>\t\t\t\t\t<\/a>\n\t\t\t\t<\/span>\n\t\t\t\t\t\t\t<span class=\"elementor-grid-item\" role=\"listitem\">\n\t\t\t\t\t<a class=\"elementor-icon elementor-social-icon elementor-social-icon-envelope elementor-repeater-item-8ee0599\" href=\"mailto:info@evolute-institute.com\" target=\"_blank\">\n\t\t\t\t\t\t<span class=\"elementor-screen-only\">Umschlag<\/span>\n\t\t\t\t\t\t<svg aria-hidden=\"true\" class=\"e-font-icon-svg e-fas-envelope\" viewbox=\"0 0 512 512\" xmlns=\"http:\/\/www.w3.org\/2000\/svg\"><path d=\"M502.3 190.8c3.9-3.1 9.7-.2 9.7 4.7V400c0 26.5-21.5 48-48 48H48c-26.5 0-48-21.5-48-48V195.6c0-5 5.7-7.8 9.7-4.7 22.4 17.4 52.1 39.5 154.1 113.6 21.1 15.4 56.7 47.8 92.2 47.6 35.7.3 72-32.8 92.3-47.6 102-74.1 131.6-96.3 154-113.7zM256 320c23.2.4 56.6-29.2 73.4-41.4 132.7-96.3 142.8-104.7 173.4-128.7 5.8-4.5 9.2-11.5 9.2-18.9v-19c0-26.5-21.5-48-48-48H48C21.5 64 0 85.5 0 112v19c0 7.4 3.4 14.3 9.2 18.9 30.6 23.9 40.7 32.4 173.4 128.7 16.8 12.2 50.2 41.8 73.4 41.4z\"><\/path><\/svg>\t\t\t\t\t<\/a>\n\t\t\t\t<\/span>\n\t\t\t\t\t<\/div>\n\t\t\t\t\t\t<\/div>\n\t\t\t\t<\/div>\n\t\t\t\t<\/div>\n\t\t\t\t<div class=\"elementor-element elementor-element-323bacd elementor-widget elementor-widget-image\" data-id=\"323bacd\" data-element_type=\"widget\" data-e-type=\"widget\" data-widget_type=\"image.default\">\n\t\t\t\t<div class=\"elementor-widget-container\">\n\t\t\t\t\t\t\t\t\t\t\t\t\t\t\t<img decoding=\"async\" width=\"360\" height=\"360\" src=\"https:\/\/evolute-institute.com\/wp-content\/uploads\/2025\/07\/Stephsnie-Schoss_360x360.jpg\" class=\"attachment-2048x2048 size-2048x2048 wp-image-22416\" alt=\"\" srcset=\"https:\/\/evolute-institute.com\/wp-content\/uploads\/2025\/07\/Stephsnie-Schoss_360x360.jpg 360w, https:\/\/evolute-institute.com\/wp-content\/uploads\/2025\/07\/Stephsnie-Schoss_360x360-300x300.jpg 300w, https:\/\/evolute-institute.com\/wp-content\/uploads\/2025\/07\/Stephsnie-Schoss_360x360-150x150.jpg 150w, https:\/\/evolute-institute.com\/wp-content\/uploads\/2025\/07\/Stephsnie-Schoss_360x360-12x12.jpg 12w\" sizes=\"(max-width: 360px) 100vw, 360px\" \/>\t\t\t\t\t\t\t\t\t\t\t\t\t\t\t<\/div>\n\t\t\t\t<\/div>\n\t\t\t\t\t<\/div>\n\t\t\t\t<\/div>\n\t\t<div class=\"elementor-element elementor-element-f608ebb e-flex e-con-boxed e-con e-parent\" data-id=\"f608ebb\" data-element_type=\"container\" data-e-type=\"container\" data-settings=\"{&quot;background_background&quot;:&quot;classic&quot;}\">\n\t\t\t\t\t<div class=\"e-con-inner\">\n\t\t\t\t<div class=\"elementor-element elementor-element-7c3733a elementor-widget elementor-widget-heading\" data-id=\"7c3733a\" data-element_type=\"widget\" data-e-type=\"widget\" data-widget_type=\"heading.default\">\n\t\t\t\t<div class=\"elementor-widget-container\">\n\t\t\t\t\t<h2 class=\"elementor-heading-title elementor-size-default\">Erkunde mehr Artikel von Stephanie<\/h2>\t\t\t\t<\/div>\n\t\t\t\t<\/div>\n\t\t\t\t<div class=\"elementor-element elementor-element-b283dfe elementor-grid-3 elementor-grid-tablet-2 elementor-grid-mobile-1 elementor-posts--thumbnail-top elementor-posts--show-avatar elementor-card-shadow-yes elementor-posts__hover-gradient elementor-widget elementor-widget-posts\" data-id=\"b283dfe\" data-element_type=\"widget\" data-e-type=\"widget\" data-settings=\"{&quot;pagination_type&quot;:&quot;prev_next&quot;,&quot;cards_columns&quot;:&quot;3&quot;,&quot;cards_columns_tablet&quot;:&quot;2&quot;,&quot;cards_columns_mobile&quot;:&quot;1&quot;,&quot;cards_row_gap&quot;:{&quot;unit&quot;:&quot;px&quot;,&quot;size&quot;:35,&quot;sizes&quot;:[]},&quot;cards_row_gap_tablet&quot;:{&quot;unit&quot;:&quot;px&quot;,&quot;size&quot;:&quot;&quot;,&quot;sizes&quot;:[]},&quot;cards_row_gap_mobile&quot;:{&quot;unit&quot;:&quot;px&quot;,&quot;size&quot;:&quot;&quot;,&quot;sizes&quot;:[]}}\" data-widget_type=\"posts.cards\">\n\t\t\t\t<div class=\"elementor-widget-container\">\n\t\t\t\t\t\t\t<div class=\"elementor-posts-container elementor-posts elementor-posts--skin-cards elementor-grid\" role=\"list\">\n\t\t\t\t<article class=\"elementor-post elementor-grid-item post-22344 post type-post status-publish format-standard has-post-thumbnail hentry category-all category-research\" role=\"listitem\">\n\t\t\t<div class=\"elementor-post__card\">\n\t\t\t\t<a class=\"elementor-post__thumbnail__link\" href=\"https:\/\/evolute-institute.com\/de\/all\/the-role-of-psychedelics-in-mindful-and-resilient-leadership\/\" tabindex=\"-1\" target=\"_blank\"><div class=\"elementor-post__thumbnail\"><img decoding=\"async\" width=\"300\" height=\"171\" src=\"https:\/\/evolute-institute.com\/wp-content\/uploads\/2025\/07\/Psychedelic-Journey-300x171.jpg\" class=\"attachment-medium size-medium wp-image-22353\" alt=\"Psychedelische Reise\" srcset=\"https:\/\/evolute-institute.com\/wp-content\/uploads\/2025\/07\/Psychedelic-Journey-300x171.jpg 300w, https:\/\/evolute-institute.com\/wp-content\/uploads\/2025\/07\/Psychedelic-Journey-768x439.jpg 768w, https:\/\/evolute-institute.com\/wp-content\/uploads\/2025\/07\/Psychedelic-Journey-18x10.jpg 18w, https:\/\/evolute-institute.com\/wp-content\/uploads\/2025\/07\/Psychedelic-Journey.jpg 986w\" sizes=\"(max-width: 300px) 100vw, 300px\" \/><\/div><\/a>\n\t\t\t\t<div class=\"elementor-post__avatar\">\n\t\t\t<img decoding=\"async\" src=\"https:\/\/evolute-institute.com\/wp-content\/uploads\/2025\/07\/Stephsnie-Schoss_360x360-150x150.jpg\" width=\"128\" height=\"128\" srcset=\"https:\/\/evolute-institute.com\/wp-content\/uploads\/2025\/07\/Stephsnie-Schoss_360x360-300x300.jpg 2x\" alt=\"Dr. Stephanie Schoss\" class=\"avatar avatar-128 wp-user-avatar wp-user-avatar-128 alignnone photo\" \/>\t\t<\/div>\n\t\t\t\t<div class=\"elementor-post__text\">\n\t\t\t\t<h3 class=\"elementor-post__title\">\n\t\t\t<a href=\"https:\/\/evolute-institute.com\/de\/all\/the-role-of-psychedelics-in-mindful-and-resilient-leadership\/\" target=\"&quot;_blank&quot;\">\n\t\t\t\tPsychedelika-Konsum geht mit achtsamerer und belastbarerer F\u00fchrung einher - Evolute Research Update\t\t\t<\/a>\n\t\t<\/h3>\n\t\t\n\t\t<a class=\"elementor-post__read-more\" href=\"https:\/\/evolute-institute.com\/de\/all\/the-role-of-psychedelics-in-mindful-and-resilient-leadership\/\" aria-label=\"Lesen Sie mehr \u00fcber den Zusammenhang zwischen dem Konsum von Psychedelika und einer achtsameren und resilienteren F\u00fchrung \u2013 Evolute Research Update\" tabindex=\"-1\" target=\"_blank\">\n\t\t\tMehr lesen \"\t\t<\/a>\n\n\t\t\t\t<\/div>\n\t\t\t\t\t<\/div>\n\t\t<\/article>\n\t\t\t\t<\/div>\n\t\t\n\t\t\t\t\t\t<\/div>\n\t\t\t\t<\/div>\n\t\t\t\t<div class=\"elementor-element elementor-element-bc48866 elementor-widget-divider--view-line elementor-widget elementor-widget-divider\" data-id=\"bc48866\" data-element_type=\"widget\" data-e-type=\"widget\" data-widget_type=\"divider.default\">\n\t\t\t\t<div class=\"elementor-widget-container\">\n\t\t\t\t\t\t\t<div class=\"elementor-divider\">\n\t\t\t<span class=\"elementor-divider-separator\">\n\t\t\t\t\t\t<\/span>\n\t\t<\/div>\n\t\t\t\t\t\t<\/div>\n\t\t\t\t<\/div>\n\t\t\t\t<div class=\"elementor-element elementor-element-866d25e elementor-widget elementor-widget-text-editor\" data-id=\"866d25e\" data-element_type=\"widget\" data-e-type=\"widget\" data-widget_type=\"text-editor.default\">\n\t\t\t\t<div class=\"elementor-widget-container\">\n\t\t\t\t\t\t\t\t\t<p><strong><span class=\"notion-enable-hover\" data-token-index=\"0\">Biografie<\/span><\/strong><!-- notionvc: 4ed742a3-5bf4-46f4-b99c-fed5395365a1 --><\/p><p>Dr. Stephanie Schoss ist Leiterin des Kompetenzzentrums f\u00fcr Spitzenforschung am HSG Institute of International and Diversity Management. Stephanie Schoss studierte Betriebswirtschaftslehre an den Universit\u00e4ten St. Gallen, Harvard und der Singapore Management University und promovierte an der RWTH Aachen. Ihre Forschungs- und Lehrschwerpunkte sind Teampers\u00f6nlichkeit, Teamf\u00fchrung und die Auswirkungen von Konflikten, Empathie und \"Wir-Bewusstsein\" auf die Teameffektivit\u00e4t.<\/p><p>Neben ihrer akademischen Karriere ist Stephanie eine aktive Unternehmerin und leidenschaftliche Pilotin (privat und kommerziell). Auch heute noch ist sie Vorsitzende ihres eigenen Unternehmens f\u00fcr Wirtschaftspsychologie und Gr\u00fcndungspartnerin von C Talks, einer Peer-Community f\u00fcr die rangh\u00f6chsten europ\u00e4ischen Top-Manager. Stephanie wurde 2013 von Generation CEO als Managerin des Jahres ausgezeichnet.<\/p><p><strong style=\"background-color: transparent; color: var( --e-global-color-text ); text-align: var(--text-align); font-family: -apple-system, BlinkMacSystemFont, 'Segoe UI', Roboto, 'Helvetica Neue', Arial, 'Noto Sans', sans-serif, 'Apple Color Emoji', 'Segoe UI Emoji', 'Segoe UI Symbol', 'Noto Color Emoji';\">Ausgew\u00e4hlte ver\u00f6ffentlichte akademische, von Experten begutachtete Arbeiten<\/strong><\/p>\t\t\t\t\t\t\t\t<\/div>\n\t\t\t\t<\/div>\n\t\t\t\t\t<\/div>\n\t\t\t\t<\/div>\n\t\t<div class=\"elementor-element elementor-element-fe231ef e-flex e-con-boxed e-con e-parent\" data-id=\"fe231ef\" data-element_type=\"container\" data-e-type=\"container\">\n\t\t\t\t\t<div class=\"e-con-inner\">\n\t\t\t\t<div class=\"elementor-element elementor-element-9a3dedc elementor-widget elementor-widget-html\" data-id=\"9a3dedc\" data-element_type=\"widget\" data-e-type=\"widget\" data-widget_type=\"html.default\">\n\t\t\t\t<div class=\"elementor-widget-container\">\n\t\t\t\t\t<table style=\"width:100%; border-collapse: collapse; margin-top: 10px;\">\n  <tbody>\n    <tr>\n      <td style=\"border: 1px solid #ccc; padding: 8px;\">\n        Schoss, S., Urbig, D., Brettel, M. et al. (2022). <i>Vielfalt auf tiefer Ebene in Unternehmerteams und die vermittelnde Rolle von Konflikten auf Teameffizienz und -zufriedenheit<\/i>. Int Entrep Manag J, 18, 1173-1203. <a href=\"https:\/\/doi.org\/10.1007\/s11365-020-00654-1\" target=\"_blank\">Zum vollst\u00e4ndigen Artikel<\/a>\n      <\/td>\n    <\/tr>\n    <tr>\n      <td style=\"border: 1px solid #ccc; padding: 8px;\">\n        Schoss, S., Mauer, R., &amp; Brettel, M. (2017). <i>Welche Zusammensetzung der Diversit\u00e4t von Gr\u00fcndungsteams f\u00fchrt zu Erfolg oder Misserfolg?<\/i> En <i>Forschungshandbuch zu unternehmerischen Teams<\/i> (S. 121-143). Edward Elgar Publishing. <a href=\"https:\/\/doi.org\/10.4337\/9781784713263.00013\" target=\"_blank\">Zum vollst\u00e4ndigen Artikel<\/a>\n      <\/td>\n    <\/tr>\n    <tr>\n      <td style=\"border: 1px solid #ccc; padding: 8px;\">\n        Schoss, S., Brettel, M., &amp; Mauer, R. (2021). <i>30 Jahre Forschung zu unternehmerischen Teams: R\u00fcckblick und Vorschl\u00e4ge f\u00fcr die Weiterentwicklung des Feldes<\/i>. Sci. J. Bus. Manag., 9(3), 162-177. <a href=\"https:\/\/doi.org\/10.11648\/j.sjbm.20210903.13\" target=\"_blank\">Zum vollst\u00e4ndigen Artikel<\/a>\n      <\/td>\n    <\/tr>\n    <tr>\n      <td style=\"border: 1px solid #ccc; padding: 8px;\">\n        Schoss, S., &amp; Urbig, D. (2012). <i>Unternehmerische Teams: Pers\u00f6nlichkeitszusammensetzung, Konflikte, Wirksamkeit und Zufriedenheit (Zusammenfassung)<\/i>. Frontiers of Entrepreneurship Research, 32(10), 1-2. <a href=\"https:\/\/repository.uantwerpen.be\/docman\/iruaauth\/fa759e\/9288c801104.pdf\" target=\"_blank\">Zum vollst\u00e4ndigen Artikel<\/a>\n      <\/td>\n    <\/tr>\n  <\/tbody>\n<\/table>\n\t\t\t\t<\/div>\n\t\t\t\t<\/div>\n\t\t\t\t<div class=\"elementor-element elementor-element-9d4fcd0 elementor-widget-divider--view-line elementor-widget elementor-widget-divider\" data-id=\"9d4fcd0\" data-element_type=\"widget\" data-e-type=\"widget\" data-widget_type=\"divider.default\">\n\t\t\t\t<div class=\"elementor-widget-container\">\n\t\t\t\t\t\t\t<div class=\"elementor-divider\">\n\t\t\t<span class=\"elementor-divider-separator\">\n\t\t\t\t\t\t<\/span>\n\t\t<\/div>\n\t\t\t\t\t\t<\/div>\n\t\t\t\t<\/div>\n\t\t\t\t\t<\/div>\n\t\t\t\t<\/div>\n\t\t<div class=\"elementor-element elementor-element-2893bea e-flex e-con-boxed e-con e-parent\" data-id=\"2893bea\" data-element_type=\"container\" data-e-type=\"container\">\n\t\t\t\t\t<div class=\"e-con-inner\">\n\t\t\t\t\t<\/div>\n\t\t\t\t<\/div>\n\t\t\t\t<\/div>","protected":false},"excerpt":{"rendered":"<p>Dr. Stephanie Schoss Dr. Stephanie Schoss is a Director of the Competence Center for Top Team Research at the HSG Institute of International and Diversity<\/p>","protected":false},"author":1491,"featured_media":0,"parent":0,"menu_order":0,"comment_status":"closed","ping_status":"closed","template":"","meta":{"footnotes":""},"class_list":["post-22426","page","type-page","status-publish","hentry"],"yoast_head":"<!-- This site is optimized with the Yoast SEO plugin v27.3 - https:\/\/yoast.com\/product\/yoast-seo-wordpress\/ -->\n<title>Prof. Stephanie Schoss | Evolute Institute<\/title>\n<meta name=\"robots\" content=\"index, follow, max-snippet:-1, max-image-preview:large, max-video-preview:-1\" \/>\n<link rel=\"canonical\" href=\"https:\/\/evolute-institute.com\/de\/stephanie-schoss-hsg\/\" \/>\n<meta property=\"og:locale\" content=\"de_DE\" \/>\n<meta property=\"og:type\" content=\"article\" \/>\n<meta property=\"og:title\" content=\"Prof. Stephanie Schoss | Evolute Institute\" \/>\n<meta property=\"og:description\" content=\"Dr. Stephanie Schoss Dr. Stephanie Schoss is a Director of the Competence Center for Top Team Research at the HSG Institute of International and Diversity\" \/>\n<meta property=\"og:url\" content=\"https:\/\/evolute-institute.com\/de\/stephanie-schoss-hsg\/\" \/>\n<meta property=\"og:site_name\" content=\"Evolute Institute\" \/>\n<meta property=\"article:modified_time\" content=\"2025-07-17T19:12:22+00:00\" \/>\n<meta property=\"og:image\" content=\"https:\/\/evolute-institute.com\/wp-content\/uploads\/2025\/07\/Stephsnie-Schoss_360x360.jpg\" \/>\n\t<meta property=\"og:image:width\" content=\"360\" \/>\n\t<meta property=\"og:image:height\" content=\"360\" \/>\n\t<meta property=\"og:image:type\" content=\"image\/jpeg\" \/>\n<meta name=\"twitter:card\" content=\"summary_large_image\" \/>\n<meta name=\"twitter:label1\" content=\"Gesch\u00e4tzte Lesezeit\" \/>\n\t<meta name=\"twitter:data1\" content=\"3\u00a0Minuten\" \/>\n<script type=\"application\/ld+json\" class=\"yoast-schema-graph\">{\"@context\":\"https:\\\/\\\/schema.org\",\"@graph\":[{\"@type\":\"WebPage\",\"@id\":\"https:\\\/\\\/evolute-institute.com\\\/stephanie-schoss-hsg\\\/\",\"url\":\"https:\\\/\\\/evolute-institute.com\\\/stephanie-schoss-hsg\\\/\",\"name\":\"Prof. Stephanie Schoss | Evolute Institute\",\"isPartOf\":{\"@id\":\"https:\\\/\\\/evolute-institute.com\\\/#website\"},\"primaryImageOfPage\":{\"@id\":\"https:\\\/\\\/evolute-institute.com\\\/stephanie-schoss-hsg\\\/#primaryimage\"},\"image\":{\"@id\":\"https:\\\/\\\/evolute-institute.com\\\/stephanie-schoss-hsg\\\/#primaryimage\"},\"thumbnailUrl\":\"https:\\\/\\\/evolute-institute.com\\\/wp-content\\\/uploads\\\/2025\\\/07\\\/Stephsnie-Schoss_360x360.jpg\",\"datePublished\":\"2025-07-11T11:02:48+00:00\",\"dateModified\":\"2025-07-17T19:12:22+00:00\",\"breadcrumb\":{\"@id\":\"https:\\\/\\\/evolute-institute.com\\\/stephanie-schoss-hsg\\\/#breadcrumb\"},\"inLanguage\":\"de-CH\",\"potentialAction\":[{\"@type\":\"ReadAction\",\"target\":[\"https:\\\/\\\/evolute-institute.com\\\/stephanie-schoss-hsg\\\/\"]}]},{\"@type\":\"ImageObject\",\"inLanguage\":\"de-CH\",\"@id\":\"https:\\\/\\\/evolute-institute.com\\\/stephanie-schoss-hsg\\\/#primaryimage\",\"url\":\"https:\\\/\\\/evolute-institute.com\\\/wp-content\\\/uploads\\\/2025\\\/07\\\/Stephsnie-Schoss_360x360.jpg\",\"contentUrl\":\"https:\\\/\\\/evolute-institute.com\\\/wp-content\\\/uploads\\\/2025\\\/07\\\/Stephsnie-Schoss_360x360.jpg\"},{\"@type\":\"BreadcrumbList\",\"@id\":\"https:\\\/\\\/evolute-institute.com\\\/stephanie-schoss-hsg\\\/#breadcrumb\",\"itemListElement\":[{\"@type\":\"ListItem\",\"position\":1,\"name\":\"Home\",\"item\":\"https:\\\/\\\/evolute-institute.com\\\/\"},{\"@type\":\"ListItem\",\"position\":2,\"name\":\"Prof. Stephanie Schoss\"}]},{\"@type\":\"WebSite\",\"@id\":\"https:\\\/\\\/evolute-institute.com\\\/#website\",\"url\":\"https:\\\/\\\/evolute-institute.com\\\/\",\"name\":\"Evolute Institute\",\"description\":\"Psychedelic Psilocybin Retreats for Pioneering Minds\",\"publisher\":{\"@id\":\"https:\\\/\\\/evolute-institute.com\\\/#organization\"},\"potentialAction\":[{\"@type\":\"SearchAction\",\"target\":{\"@type\":\"EntryPoint\",\"urlTemplate\":\"https:\\\/\\\/evolute-institute.com\\\/?s={search_term_string}\"},\"query-input\":{\"@type\":\"PropertyValueSpecification\",\"valueRequired\":true,\"valueName\":\"search_term_string\"}}],\"inLanguage\":\"de-CH\"},{\"@type\":\"Organization\",\"@id\":\"https:\\\/\\\/evolute-institute.com\\\/#organization\",\"name\":\"Evolute Institute\",\"url\":\"https:\\\/\\\/evolute-institute.com\\\/\",\"logo\":{\"@type\":\"ImageObject\",\"inLanguage\":\"de-CH\",\"@id\":\"https:\\\/\\\/evolute-institute.com\\\/#\\\/schema\\\/logo\\\/image\\\/\",\"url\":\"https:\\\/\\\/evolute-institute.com\\\/wp-content\\\/uploads\\\/2021\\\/12\\\/evolute-e1694101618265.png\",\"contentUrl\":\"https:\\\/\\\/evolute-institute.com\\\/wp-content\\\/uploads\\\/2021\\\/12\\\/evolute-e1694101618265.png\",\"width\":645,\"height\":570,\"caption\":\"Evolute Institute\"},\"image\":{\"@id\":\"https:\\\/\\\/evolute-institute.com\\\/#\\\/schema\\\/logo\\\/image\\\/\"}}]}<\/script>\n<!-- \/ Yoast SEO plugin. -->","yoast_head_json":{"title":"Prof. Stephanie Schoss | Evolute Institute","robots":{"index":"index","follow":"follow","max-snippet":"max-snippet:-1","max-image-preview":"max-image-preview:large","max-video-preview":"max-video-preview:-1"},"canonical":"https:\/\/evolute-institute.com\/de\/stephanie-schoss-hsg\/","og_locale":"de_DE","og_type":"article","og_title":"Prof. Stephanie Schoss | Evolute Institute","og_description":"Dr. Stephanie Schoss Dr. Stephanie Schoss is a Director of the Competence Center for Top Team Research at the HSG Institute of International and Diversity","og_url":"https:\/\/evolute-institute.com\/de\/stephanie-schoss-hsg\/","og_site_name":"Evolute Institute","article_modified_time":"2025-07-17T19:12:22+00:00","og_image":[{"width":360,"height":360,"url":"https:\/\/evolute-institute.com\/wp-content\/uploads\/2025\/07\/Stephsnie-Schoss_360x360.jpg","type":"image\/jpeg"}],"twitter_card":"summary_large_image","twitter_misc":{"Gesch\u00e4tzte Lesezeit":"3\u00a0Minuten"},"schema":{"@context":"https:\/\/schema.org","@graph":[{"@type":"WebPage","@id":"https:\/\/evolute-institute.com\/stephanie-schoss-hsg\/","url":"https:\/\/evolute-institute.com\/stephanie-schoss-hsg\/","name":"Prof. Stephanie Schoss | Evolute Institute","isPartOf":{"@id":"https:\/\/evolute-institute.com\/#website"},"primaryImageOfPage":{"@id":"https:\/\/evolute-institute.com\/stephanie-schoss-hsg\/#primaryimage"},"image":{"@id":"https:\/\/evolute-institute.com\/stephanie-schoss-hsg\/#primaryimage"},"thumbnailUrl":"https:\/\/evolute-institute.com\/wp-content\/uploads\/2025\/07\/Stephsnie-Schoss_360x360.jpg","datePublished":"2025-07-11T11:02:48+00:00","dateModified":"2025-07-17T19:12:22+00:00","breadcrumb":{"@id":"https:\/\/evolute-institute.com\/stephanie-schoss-hsg\/#breadcrumb"},"inLanguage":"de-CH","potentialAction":[{"@type":"ReadAction","target":["https:\/\/evolute-institute.com\/stephanie-schoss-hsg\/"]}]},{"@type":"ImageObject","inLanguage":"de-CH","@id":"https:\/\/evolute-institute.com\/stephanie-schoss-hsg\/#primaryimage","url":"https:\/\/evolute-institute.com\/wp-content\/uploads\/2025\/07\/Stephsnie-Schoss_360x360.jpg","contentUrl":"https:\/\/evolute-institute.com\/wp-content\/uploads\/2025\/07\/Stephsnie-Schoss_360x360.jpg"},{"@type":"BreadcrumbList","@id":"https:\/\/evolute-institute.com\/stephanie-schoss-hsg\/#breadcrumb","itemListElement":[{"@type":"ListItem","position":1,"name":"Home","item":"https:\/\/evolute-institute.com\/"},{"@type":"ListItem","position":2,"name":"Prof. Stephanie Schoss"}]},{"@type":"WebSite","@id":"https:\/\/evolute-institute.com\/#website","url":"https:\/\/evolute-institute.com\/","name":"Evolute Institute","description":"Psychedelische Psilocybin-Retreats f\u00fcr Pionierinnen und Pioniere","publisher":{"@id":"https:\/\/evolute-institute.com\/#organization"},"potentialAction":[{"@type":"SearchAction","target":{"@type":"EntryPoint","urlTemplate":"https:\/\/evolute-institute.com\/?s={search_term_string}"},"query-input":{"@type":"PropertyValueSpecification","valueRequired":true,"valueName":"search_term_string"}}],"inLanguage":"de-CH"},{"@type":"Organization","@id":"https:\/\/evolute-institute.com\/#organization","name":"Evolute Institute","url":"https:\/\/evolute-institute.com\/","logo":{"@type":"ImageObject","inLanguage":"de-CH","@id":"https:\/\/evolute-institute.com\/#\/schema\/logo\/image\/","url":"https:\/\/evolute-institute.com\/wp-content\/uploads\/2021\/12\/evolute-e1694101618265.png","contentUrl":"https:\/\/evolute-institute.com\/wp-content\/uploads\/2021\/12\/evolute-e1694101618265.png","width":645,"height":570,"caption":"Evolute Institute"},"image":{"@id":"https:\/\/evolute-institute.com\/#\/schema\/logo\/image\/"}}]}},"_links":{"self":[{"href":"https:\/\/evolute-institute.com\/de\/wp-json\/wp\/v2\/pages\/22426","targetHints":{"allow":["GET"]}}],"collection":[{"href":"https:\/\/evolute-institute.com\/de\/wp-json\/wp\/v2\/pages"}],"about":[{"href":"https:\/\/evolute-institute.com\/de\/wp-json\/wp\/v2\/types\/page"}],"author":[{"embeddable":true,"href":"https:\/\/evolute-institute.com\/de\/wp-json\/wp\/v2\/users\/1491"}],"replies":[{"embeddable":true,"href":"https:\/\/evolute-institute.com\/de\/wp-json\/wp\/v2\/comments?post=22426"}],"version-history":[{"count":22,"href":"https:\/\/evolute-institute.com\/de\/wp-json\/wp\/v2\/pages\/22426\/revisions"}],"predecessor-version":[{"id":22717,"href":"https:\/\/evolute-institute.com\/de\/wp-json\/wp\/v2\/pages\/22426\/revisions\/22717"}],"wp:attachment":[{"href":"https:\/\/evolute-institute.com\/de\/wp-json\/wp\/v2\/media?parent=22426"}],"curies":[{"name":"wp","href":"https:\/\/api.w.org\/{rel}","templated":true}]}}