{"id":1585,"date":"2022-06-16T11:15:09","date_gmt":"2022-06-16T09:15:09","guid":{"rendered":"https:\/\/evolute-institute.com\/?page_id=1585"},"modified":"2024-03-26T20:15:51","modified_gmt":"2024-03-26T19:15:51","slug":"vilkar-og-betingelser","status":"publish","type":"page","link":"https:\/\/evolute-institute.com\/nb\/terms-and-conditions\/","title":{"rendered":"Vilk\u00e5r og betingelser"},"content":{"rendered":"<div data-elementor-type=\"wp-page\" data-elementor-id=\"1585\" class=\"elementor elementor-1585\" data-elementor-post-type=\"page\">\n\t\t\t\t\t\t<section class=\"elementor-section elementor-top-section elementor-element elementor-element-5343d91d elementor-section-boxed elementor-section-height-default elementor-section-height-default\" data-id=\"5343d91d\" data-element_type=\"section\" data-e-type=\"section\">\n\t\t\t\t\t\t<div class=\"elementor-container elementor-column-gap-default\">\n\t\t\t\t\t<div class=\"elementor-column elementor-col-100 elementor-top-column elementor-element elementor-element-3ff040a0\" data-id=\"3ff040a0\" data-element_type=\"column\" data-e-type=\"column\">\n\t\t\t<div class=\"elementor-widget-wrap\">\n\t\t\t\t\t\t\t<\/div>\n\t\t<\/div>\n\t\t\t\t\t<\/div>\n\t\t<\/section>\n\t\t\t\t<section class=\"elementor-section elementor-top-section elementor-element elementor-element-29bc7610 elementor-section-boxed elementor-section-height-default elementor-section-height-default\" data-id=\"29bc7610\" data-element_type=\"section\" data-e-type=\"section\">\n\t\t\t\t\t\t<div class=\"elementor-container elementor-column-gap-default\">\n\t\t\t\t\t<div class=\"elementor-column elementor-col-100 elementor-top-column elementor-element elementor-element-1911b143\" data-id=\"1911b143\" data-element_type=\"column\" data-e-type=\"column\">\n\t\t\t<div class=\"elementor-widget-wrap elementor-element-populated\">\n\t\t\t\t\t\t<div class=\"elementor-element elementor-element-58be6492 elementor-widget elementor-widget-text-editor\" data-id=\"58be6492\" data-element_type=\"widget\" data-e-type=\"widget\" data-widget_type=\"text-editor.default\">\n\t\t\t\t<div class=\"elementor-widget-container\">\n\t\t\t\t\t\t\t\t\t<h2 style=\"font-family: -apple-system, BlinkMacSystemFont, 'Segoe UI', Roboto, 'Helvetica Neue', Arial, 'Noto Sans', sans-serif; color: #000000;\">VILK\u00c5R OG BETINGELSER<\/h2><div><p><strong>Merkenavn og registrert firmanavn<\/strong><\/p><p>Evolute Institute er det offentlige merkenavnet til \"Evolute Institute B.V.\". I vilk\u00e5rene og betingelsene refererer navnet \"Evolute Institute\" til den juridiske enheten \"Evolute Institute B.V.\", som handler under navnet Evolute Institute, samt dens representanter.<\/p><p><strong>Generell oversikt<\/strong><\/p><p>Bruken av evolute-institute.com (\"nettstedet\"), inkludert alt materiale som presenteres her, og alle nettbaserte tjenester som leveres av Evolute Institute B.V. (\"selskapet\", \"vi\", \"oss\", \"v\u00e5r\") er underlagt f\u00f8lgende vilk\u00e5r og betingelser. Disse vilk\u00e5rene gjelder for alle tjenester, materiale, innhold eller ressurser som gj\u00f8res tilgjengelig via nettstedet (\"tjenester\"). Disse vilk\u00e5rene gjelder for alle bes\u00f8kende, kunder og alle andre brukere av nettstedet. Ved \u00e5 bruke nettstedet eller tjenestene godtar du disse vilk\u00e5rene, uten endringer, og bekrefter at du har lest dem.<\/p><p><strong>Bruk av nettstedet og tjenestene<\/strong><\/p><p>For \u00e5 f\u00e5 tilgang til eller bruke nettstedet m\u00e5 du v\u00e6re 18 \u00e5r eller eldre og ha den n\u00f8dvendige myndighet til \u00e5 inng\u00e5 disse vilk\u00e5rene og betingelsene. Det er forbudt for barn under 18 \u00e5r \u00e5 bruke nettstedet. Informasjon som gis p\u00e5 nettstedet og i tjenestene knyttet til retreatopplevelser som involverer bruk av psykotrope stoffer, inkludert tr\u00f8fler som inneholder psilocybin og som tilbys av lovlige smartshops i Nederland, og annen relatert informasjon, kan endres. Evolute Institute B.V. gir ingen garanti for at informasjonen som gis (\"innhold\"), uansett kilde, er fullstendig, n\u00f8yaktig, oppdatert, p\u00e5litelig eller fri for feil. Evolute Institute B.V. fraskriver seg ethvert ansvar for eventuelle ufullstendigheter, un\u00f8yaktigheter eller feil i innholdet og forbeholder seg retten til \u00e5 korrigere feil i beskrivelser og priser.<\/p><p><strong>S\u00f8knad om bruk av tjenester<\/strong><\/p><p>For \u00e5 kunne bruke tjenestene kan du bli bedt om \u00e5 fylle ut et s\u00f8knadsskjema og oppgi personlig informasjon om deg selv, inkludert opplysninger som fullt navn, e-postadresse, postadresse, f\u00f8dselsdato og annen personlig informasjon. Du samtykker i at all informasjon du oppgir til Evolute Institute B.V. alltid vil v\u00e6re sannferdig, n\u00f8yaktig, korrekt etter beste evne og oppdatert. Du samtykker i \u00e5 ikke utgi deg for \u00e5 v\u00e6re en annen eller \u00e5 oppgi informasjon eller en e-postadresse som ikke er din egen. Vi har som m\u00e5l at alle deltakere skal ha hatt en utforskningssamtale med en av v\u00e5re medarbeidere f\u00f8r de bestiller v\u00e5re tjenester. Denne samtalen vil finne sted via telefon eller en annen egnet telekommunikasjonsplattform (f.eks. Zoom). Samtalen vil ikke bli tatt opp med mindre du spesifikt ber om det og gir tillatelse til det. Medarbeiderne i Evolute Institute kan ta notater under samtalen for senere bruk eller for \u00e5 dele dem med andre relevante medarbeidere.<\/p><p><strong>Avslag p\u00e5 tjeneste<\/strong><\/p><p>Tjenestene tilbys med forbehold om at vi aksepterer din s\u00f8knad og betaling. Vi forbeholder oss retten til \u00e5 nekte \u00e5 betjene enhver person eller enhet, uten at vi er forpliktet til \u00e5 gi en forklaring. Vi kan n\u00e5r som helst endre eller avslutte ethvert aspekt eller enhver funksjon p\u00e5 nettstedet eller i tjenestene, med forbehold om at vi oppfyller v\u00e5re tidligere forpliktelser overfor deg basert p\u00e5 aksept av betalingen din.<\/p><p><strong>Betaling<\/strong><\/p><p>Du erkjenner at Evolute Institute forbeholder seg retten til \u00e5 tilby salg eller rabatter p\u00e5 den fulle utsalgsprisen for v\u00e5re tjenester uten kompensasjon hvis du har betalt en h\u00f8yere pris.<\/p><p><strong>Lovlige form\u00e5l<\/strong><\/p><p>Du kan kun bruke nettstedet og tjenestene til lovlige form\u00e5l. Du samtykker i \u00e5 v\u00e6re \u00f8konomisk ansvarlig for alle kj\u00f8p som gj\u00f8res av deg eller noen som handler p\u00e5 dine vegne via nettstedet. Du samtykker i \u00e5 bruke nettstedet og \u00e5 kj\u00f8pe tjenester eller produkter gjennom nettstedet kun til lovlige form\u00e5l. Du samtykker i \u00e5 avst\u00e5 fra \u00e5 legge ut eller overf\u00f8re materiale via nettstedet som krenker andres rettigheter, eller som er truende, forn\u00e6rmende, \u00e6rekrenkende, krenkende for publisitet eller personvern, obsk\u00f8nt, vulg\u00e6rt, blasfemisk eller p\u00e5 annen m\u00e5te anst\u00f8telig, eller som oppfordrer til atferd som ville utgj\u00f8re en kriminell handling, gi opphav til sivilrettslig ansvar eller p\u00e5 annen m\u00e5te bryte loven.<\/p><p><strong>Immaterielle rettigheter til materialet ditt<\/strong><\/p><p>Vi p\u00e5beroper oss ingen immaterielle rettigheter til materialet du sender til Evolute Institute B.V.. Du beholder opphavsretten og alle andre rettigheter du m\u00e5tte ha til innhold som du sender inn via nettstedet eller tjenestene. Innhold du sender til Evolute Institute B.V. forblir ditt i den grad du har noen juridiske krav deri. Du samtykker i \u00e5 holde Evolute Institute B.V. skadesl\u00f8s fra og mot alle krav, forpliktelser, og utgifter som oppst\u00e5r som f\u00f8lge av potensielle eller faktiske opphavsrett eller varemerke misbruk eller brudd hevdet mot deg. Ved \u00e5 legge ut materiale p\u00e5 nettstedet gir du oss en verdensomspennende, ikke-eksklusiv, ugjenkallelig lisens til \u00e5 bruke materialet til salgsfremmende, forretningsutviklings- og markedsf\u00f8ringsform\u00e5l.<\/p><p><strong>V\u00e5r immaterielle eiendom<\/strong><\/p><p>Nettstedet og hele innholdet, funksjonene og funksjonaliteten (inkludert, men ikke begrenset til, all informasjon, programvare, tekst, skjermer, bilder, video og lyd, og utformingen, utvalget og arrangementet av disse) og tjenestene inneholder immaterielle rettigheter som eies av Evolute Institute B.V., inkludert opphavsrett, varemerker, propriet\u00e6r informasjon og andre immaterielle rettigheter. Du har ikke lov til \u00e5 endre, (re)publisere, overf\u00f8re, delta i overf\u00f8ring eller salg av, lage avledede verk fra, distribuere, (offentlig) vise, reprodusere, laste ned, lagre eller p\u00e5 noen m\u00e5te utnytte i noe som helst format noe av nettstedets eller tjenestenes innhold eller immaterielle rettigheter, helt eller delvis, uten v\u00e5rt skriftlige forh\u00e5ndssamtykke. Vi forbeholder oss retten til umiddelbart \u00e5 fjerne deg fra tjenestene, uten refusjon, hvis du bryter disse retningslinjene for immaterielle rettigheter.<\/p><p>Du m\u00e5 ikke f\u00e5 tilgang til eller bruke noen deler av nettstedet eller tjenester eller materiale som er tilgjengelig via nettstedet, til kommersielle form\u00e5l.<\/p><p>Hvis du \u00f8nsker \u00e5 bruke materiale p\u00e5 nettstedet p\u00e5 en annen m\u00e5te enn det som er beskrevet i dette avsnittet, kan du sende en foresp\u00f8rsel til: info@evolute-institute.com.<\/p><p>Hvis du skriver ut, kopierer, endrer, laster ned eller p\u00e5 annen m\u00e5te bruker eller gir andre personer tilgang til deler av nettstedet i strid med bruksvilk\u00e5rene, vil din rett til \u00e5 bruke nettstedet opph\u00f8re umiddelbart, og du m\u00e5, etter v\u00e5rt valg, returnere eller destruere alle kopier av materialet du har laget. Ingen rettigheter, titler eller interesser i eller til nettstedet eller noe innhold p\u00e5 nettstedet overf\u00f8res til deg, og alle rettigheter som ikke uttrykkelig er gitt, forbeholdes av selskapet. All bruk av nettstedet som ikke er uttrykkelig tillatt i henhold til disse bruksvilk\u00e5rene, er et brudd p\u00e5 disse bruksvilk\u00e5rene og kan v\u00e6re i strid med opphavsrett, varemerkelovgivning og andre lover.<\/p><p><strong>Materiale som sendes inn til nettstedet<\/strong><\/p><p>Du har ikke lov til \u00e5 laste opp, legge ut, dele eller p\u00e5 annen m\u00e5te gj\u00f8re tilgjengelig p\u00e5 nettstedet bilder, kunstverk eller annet materiale (samlet kalt \"materiale\") som er beskyttet av opphavsrett, varemerke eller annen eiendomsrett uten uttrykkelig skriftlig tillatelse fra eieren av opphavsretten, varemerket eller annen eiendomsrett, og det er du som har ansvaret for \u00e5 fastsl\u00e5 at materialet ikke er beskyttet. Du er ansvarlig for eventuelle skader som f\u00f8lge av brudd p\u00e5 opphavsrettigheter, varemerker eller andre eiendomsrettigheter, eller annen skade som f\u00f8lge av en slik innsending. N\u00e5r det gjelder alt materiale du sender inn til nettstedet, erkl\u00e6rer og garanterer du uttrykkelig at du har fullmakt til \u00e5 bruke og distribuere materialet, og at bruken eller visningen av materialet ikke er i strid med lover, regler, forskrifter eller tredjeparters rettigheter.<\/p><p><strong>Endrede vilk\u00e5r<\/strong><\/p><p>Vi kan n\u00e5r som helst endre disse vilk\u00e5rene og betingelsene. Slike endringer trer i kraft umiddelbart etter at vi har varslet deg ved \u00e5 legge ut de nye vilk\u00e5rene og betingelsene p\u00e5 dette nettstedet. All bruk av nettstedet eller tjenestene etter at du har blitt varslet, betyr at du godtar disse endringene. Vi forbeholder oss retten til n\u00e5r som helst \u00e5 oppdatere deler av nettstedet og tjenestene v\u00e5re, inkludert disse vilk\u00e5rene og betingelsene. Vi vil legge ut den mest oppdaterte versjonen p\u00e5 nettstedet og oppgi ikrafttredelsesdatoen p\u00e5 denne siden.<\/p><p><strong>Ansvarsbegrensning<\/strong><\/p><p>Du samtykker i at vi ikke under noen omstendigheter kan holdes ansvarlig for direkte, indirekte, tilfeldige, f\u00f8lgeskader, spesielle, straffende, eksemplariske eller andre skader som oppst\u00e5r som f\u00f8lge av din bruk av nettstedet eller tjenestene. I tillegg er vi ikke ansvarlige for skader i forbindelse med (a) manglende ytelse, feil, utelatelse, tjenestenektelse, angrep, avbrudd, sletting, feil, forsinkelse i drift eller overf\u00f8ring, datavirus eller linje- eller systemfeil; (b) tredjeparts tyveri, \u00f8deleggelse, uautorisert tilgang til, endring av eller bruk av din informasjon eller eiendom; og (c) tap av inntekter, forventet fortjeneste, forretninger, besparelser, goodwill eller data, uavhengig av v\u00e5r uaktsomhet, grov uaktsomhet, svikt i et vesentlig form\u00e5l og uavhengig av om slikt ansvar oppst\u00e5r som f\u00f8lge av uaktsomhet, kontrakt, erstatning eller annen teori om juridisk ansvar. Det foreg\u00e5ende gjelder selv om Evolute Institute B.V. har blitt informert om muligheten for eller kunne ha forutsett skaden. I de jurisdiksjonene som ikke tillater utelukkelse eller begrensning av erstatningsansvar, er v\u00e5rt ansvar begrenset i den grad loven tillater det. Under ingen omstendigheter skal Evolute Institute B.V.s kumulative ansvar overfor deg overstige den totale kj\u00f8pesummen for tjenestene du har kj\u00f8pt fra Evolute Institute B.V., og hvis du ikke har foretatt noe kj\u00f8p, skal Evolute Institute B.V.s kumulative ansvar overfor deg ikke overstige 100 euro.<\/p><p><strong>Tredjepartsressurser<\/strong><\/p><p>Nettstedet og tjenestene kan inneholde lenker til tredjeparts nettsteder og ressurser. Du erkjenner og godtar at vi ikke er ansvarlige for n\u00f8yaktigheten, tilgjengeligheten, innholdet eller retningslinjene til tredjeparts nettsteder eller ressurser. Lenker til slike nettsteder eller ressurser inneb\u00e6rer ikke noen godkjenning av eller tilknytning til Evolute Institute B.V.. Du erkjenner at du alene er ansvarlig for og p\u00e5tar deg all risiko som oppst\u00e5r som f\u00f8lge av din bruk av slike nettsteder eller ressurser.<\/p><p><strong>Erstatning<\/strong><\/p><p>Du holder oss skadesl\u00f8se fra og mot alle tap, skader, oppgj\u00f8r, forpliktelser, kostnader, avgifter, vurderinger og utgifter, samt krav og s\u00f8ksm\u00e5l fra tredjeparter, inkludert, men ikke begrenset til, advokatsal\u00e6r, som oppst\u00e5r som f\u00f8lge av brudd p\u00e5 disse vilk\u00e5rene eller din bruk av nettstedet eller tjenestene. Du skal vederlagsfritt gi oss den hjelpen vi m\u00e5tte be om i forbindelse med et slikt forsvar, inkludert, men ikke begrenset til, \u00e5 gi oss informasjon, dokumenter, opptegnelser og rimelig tilgang til deg som vi anser som n\u00f8dvendig. Du skal ikke inng\u00e5 forlik om krav fra tredjepart eller frafalle noe forsvar uten v\u00e5rt skriftlige forh\u00e5ndssamtykke.<\/p><p><strong>Tvistel\u00f8sning<\/strong><\/p><p>Hvis du har bekymringer eller tvister om tjenestene, samtykker du i f\u00f8rst \u00e5 fors\u00f8ke \u00e5 l\u00f8se tvisten uformelt ved \u00e5 kontakte Evolute Institute.<\/p><p><strong>Hele avtalen; fraskrivelse<\/strong><\/p><p>Disse vilk\u00e5rene og betingelsene utgj\u00f8r hele avtalen mellom deg og Evolute Institute B.V. knyttet til din bruk av nettstedet og erstatter alle tidligere og samtidige avtaler, representasjoner og forst\u00e5elser mellom oss. Ingen fraskrivelse av noen av bestemmelsene i disse vilk\u00e5rene og betingelsene av Evolute Institute B.V. skal anses, eller skal utgj\u00f8re, en fraskrivelse av noen annen bestemmelse, enten den er lik eller ikke, og heller ikke skal noen fraskrivelse utgj\u00f8re en vedvarende fraskrivelse. Ingen fraskrivelse skal v\u00e6re bindende med mindre den er utf\u00f8rt skriftlig av Evolute Institute B.V..<\/p><p><strong>Merknader<\/strong><\/p><p>Alle varsler, foresp\u00f8rsler, krav og annen kommunikasjon i henhold til disse vilk\u00e5rene og betingelsene skal v\u00e6re skriftlige og korrekt adressert som f\u00f8lger:<\/p><p>Evolute Institute B.V.<br \/>Korte Lijnbaanssteeg 1<br \/>Kontor nr. 4277<br \/>1012SL, Amsterdam<br \/>Nederland<\/p><p><strong>Gjeldende rett<\/strong><\/p><p>Disse vilk\u00e5rene og betingelsene skal tolkes i samsvar med, og reguleres av, nederlandsk lovgivning som gjelder for kontrakter som i sin helhet er inng\u00e5tt og utf\u00f8rt i Nederland. Det eksklusive vernetinget for enhver rettssak basert p\u00e5 eller som oppst\u00e5r som f\u00f8lge av disse vilk\u00e5rene og betingelsene, skal v\u00e6re i Amsterdam, Nederland.<\/p><p><strong>Overdragelse av rettigheter og forpliktelser<\/strong><\/p><p>Du kan ikke overdra, delegere, viderelisensiere eller p\u00e5 annen m\u00e5te overf\u00f8re dine rettigheter og forpliktelser i henhold til disse vilk\u00e5rene. Enhver overf\u00f8ring, overdragelse, delegering eller underlisensiering fra din side anses som ugyldig.<\/p><p><strong>Ansvarsfraskrivelse<\/strong><\/p><p>Dette nettstedet er kun en informasjonsressurs. Du erkjenner at ingen av opplysningene p\u00e5 nettstedet er medisinsk eller juridisk r\u00e5dgivning. Innhold p\u00e5 dette nettstedet eller i kommunikasjon med Evolute Institute B.V. er ikke en erstatning for profesjonell medisinsk r\u00e5dgivning, diagnose eller behandling for en spesifikk medisinsk tilstand. Du p\u00e5tar deg det fulle ansvaret for hvordan du bruker innholdet. R\u00e5df\u00f8r deg alltid med lege eller annet kvalifisert helsepersonell n\u00e5r du har helserelaterte sp\u00f8rsm\u00e5l. Evolute Institute B.V. garanterer ikke utfallet av \u00e5 f\u00f8lge anbefalingene som gis, og alle uttalelser om det potensielle utfallet er kun meningsytringer. Vi gir ingen garantier for informasjonen og anbefalingene som gis her. Ved \u00e5 fortsette \u00e5 bruke, lese eller delta p\u00e5 nettstedet, erkjenner du at vi ikke kan garantere noe bestemt resultat fordi utfallet er basert p\u00e5 subjektive faktorer som ikke er innenfor v\u00e5r kontroll. Det er derfor p\u00e5 eget ansvar \u00e5 f\u00f8lge informasjon eller anbefalinger som gis p\u00e5 nettstedet. Hvis du trenger profesjonell medisinsk r\u00e5dgivning, veiledning eller terapi, er det ditt ansvar \u00e5 kontakte en autorisert fagperson. Den juridiske informasjonen som presenteres p\u00e5 nettstedet, er ment som generell informasjon, og du er selv ansvarlig for \u00e5 sette deg inn i lovene i din egen kommune\/bosted. Informasjonen vi presenterer, oppfordrer ikke til eller tolererer bruk av psykotrope stoffer der det er i strid med loven. Evolute Institute B.V. verken tilbyr eller selger tr\u00f8fler som inneholder psilocybin eller andre psykotrope stoffer.<\/p><p><strong>Delbarhet<\/strong><\/p><p>Hvis en domstol i en kompetent jurisdiksjon finner at et vilk\u00e5r, en bestemmelse, en pakt eller en betingelse i disse vilk\u00e5rene er ugyldig, ugyldig eller ikke kan h\u00e5ndheves, skal resten av vilk\u00e5rene fortsatt v\u00e6re i full kraft og skal ikke p\u00e5 noen m\u00e5te p\u00e5virkes, svekkes eller ugyldiggj\u00f8res.<\/p><p>Siste oppdatering: mars 2024<\/p><\/div>\t\t\t\t\t\t\t\t<\/div>\n\t\t\t\t<\/div>\n\t\t\t\t\t<\/div>\n\t\t<\/div>\n\t\t\t\t\t<\/div>\n\t\t<\/section>\n\t\t\t\t<\/div>","protected":false},"excerpt":{"rendered":"<p>TERMS AND CONDITIONS Brand name and registered business name Evolute Institute is the public facing brand name of \u201cEvolute Institute B.V.\u201d. In the Terms and Conditions the name \u201cEvolute Institute\u201d refers to the legal entity \u201cEvolute Institute B.V.\u201d, trading as Evolute Institute, as well as its representatives. General Overview The use of evolute-institute.com (&#8220;Website&#8221;), including [&hellip;]<\/p>\n","protected":false},"author":1491,"featured_media":0,"parent":0,"menu_order":0,"comment_status":"closed","ping_status":"closed","template":"","meta":{"footnotes":""},"class_list":["post-1585","page","type-page","status-publish","hentry"],"yoast_head":"<!-- This site is optimized with the Yoast SEO plugin v27.3 - https:\/\/yoast.com\/product\/yoast-seo-wordpress\/ -->\n<title>Terms and Conditions | Evolute Institute<\/title>\n<meta name=\"description\" content=\"Evolute Institute&#039;s terms and conditions.\" \/>\n<meta name=\"robots\" content=\"noindex, nofollow\" \/>\n<meta property=\"og:locale\" content=\"nb_NO\" \/>\n<meta property=\"og:type\" content=\"article\" \/>\n<meta property=\"og:title\" content=\"Terms and Conditions | Evolute Institute\" \/>\n<meta property=\"og:description\" content=\"Evolute Institute&#039;s terms and conditions.\" \/>\n<meta property=\"og:url\" content=\"https:\/\/evolute-institute.com\/nb\/vilkar-og-betingelser\/\" \/>\n<meta property=\"og:site_name\" content=\"Evolute Institute\" \/>\n<meta property=\"article:modified_time\" content=\"2024-03-26T19:15:51+00:00\" \/>\n<meta property=\"og:image\" content=\"https:\/\/evolute-institute.com\/wp-content\/uploads\/2021\/12\/iceberg-foto-02-scaled.jpg\" \/>\n\t<meta property=\"og:image:width\" content=\"2560\" \/>\n\t<meta property=\"og:image:height\" content=\"1635\" \/>\n\t<meta property=\"og:image:type\" content=\"image\/jpeg\" \/>\n<meta name=\"twitter:card\" content=\"summary_large_image\" \/>\n<meta name=\"twitter:label1\" content=\"Ansl. lesetid\" \/>\n\t<meta name=\"twitter:data1\" content=\"10 minutter\" \/>\n<script type=\"application\/ld+json\" class=\"yoast-schema-graph\">{\"@context\":\"https:\\\/\\\/schema.org\",\"@graph\":[{\"@type\":\"WebPage\",\"@id\":\"https:\\\/\\\/evolute-institute.com\\\/terms-and-conditions\\\/\",\"url\":\"https:\\\/\\\/evolute-institute.com\\\/terms-and-conditions\\\/\",\"name\":\"Terms and Conditions | Evolute Institute\",\"isPartOf\":{\"@id\":\"https:\\\/\\\/evolute-institute.com\\\/#website\"},\"datePublished\":\"2022-06-16T09:15:09+00:00\",\"dateModified\":\"2024-03-26T19:15:51+00:00\",\"description\":\"Evolute Institute's terms and conditions.\",\"breadcrumb\":{\"@id\":\"https:\\\/\\\/evolute-institute.com\\\/terms-and-conditions\\\/#breadcrumb\"},\"inLanguage\":\"nb-NO\",\"potentialAction\":[{\"@type\":\"ReadAction\",\"target\":[\"https:\\\/\\\/evolute-institute.com\\\/terms-and-conditions\\\/\"]}]},{\"@type\":\"BreadcrumbList\",\"@id\":\"https:\\\/\\\/evolute-institute.com\\\/terms-and-conditions\\\/#breadcrumb\",\"itemListElement\":[{\"@type\":\"ListItem\",\"position\":1,\"name\":\"Home\",\"item\":\"https:\\\/\\\/evolute-institute.com\\\/\"},{\"@type\":\"ListItem\",\"position\":2,\"name\":\"Terms and Conditions\"}]},{\"@type\":\"WebSite\",\"@id\":\"https:\\\/\\\/evolute-institute.com\\\/#website\",\"url\":\"https:\\\/\\\/evolute-institute.com\\\/\",\"name\":\"Evolute Institute\",\"description\":\"Psychedelic Psilocybin Retreats for Pioneering Minds\",\"publisher\":{\"@id\":\"https:\\\/\\\/evolute-institute.com\\\/#organization\"},\"potentialAction\":[{\"@type\":\"SearchAction\",\"target\":{\"@type\":\"EntryPoint\",\"urlTemplate\":\"https:\\\/\\\/evolute-institute.com\\\/?s={search_term_string}\"},\"query-input\":{\"@type\":\"PropertyValueSpecification\",\"valueRequired\":true,\"valueName\":\"search_term_string\"}}],\"inLanguage\":\"nb-NO\"},{\"@type\":\"Organization\",\"@id\":\"https:\\\/\\\/evolute-institute.com\\\/#organization\",\"name\":\"Evolute Institute\",\"url\":\"https:\\\/\\\/evolute-institute.com\\\/\",\"logo\":{\"@type\":\"ImageObject\",\"inLanguage\":\"nb-NO\",\"@id\":\"https:\\\/\\\/evolute-institute.com\\\/#\\\/schema\\\/logo\\\/image\\\/\",\"url\":\"https:\\\/\\\/evolute-institute.com\\\/wp-content\\\/uploads\\\/2021\\\/12\\\/evolute-e1694101618265.png\",\"contentUrl\":\"https:\\\/\\\/evolute-institute.com\\\/wp-content\\\/uploads\\\/2021\\\/12\\\/evolute-e1694101618265.png\",\"width\":645,\"height\":570,\"caption\":\"Evolute Institute\"},\"image\":{\"@id\":\"https:\\\/\\\/evolute-institute.com\\\/#\\\/schema\\\/logo\\\/image\\\/\"}}]}<\/script>\n<!-- \/ Yoast SEO plugin. -->","yoast_head_json":{"title":"Vilk\u00e5r og betingelser | Evolute Institute","description":"Evolute Institutes vilk\u00e5r og betingelser.","robots":{"index":"noindex","follow":"nofollow"},"og_locale":"nb_NO","og_type":"article","og_title":"Terms and Conditions | Evolute Institute","og_description":"Evolute Institute's terms and conditions.","og_url":"https:\/\/evolute-institute.com\/nb\/vilkar-og-betingelser\/","og_site_name":"Evolute Institute","article_modified_time":"2024-03-26T19:15:51+00:00","og_image":[{"width":2560,"height":1635,"url":"https:\/\/evolute-institute.com\/wp-content\/uploads\/2021\/12\/iceberg-foto-02-scaled.jpg","type":"image\/jpeg"}],"twitter_card":"summary_large_image","twitter_misc":{"Ansl. lesetid":"10 minutter"},"schema":{"@context":"https:\/\/schema.org","@graph":[{"@type":"WebPage","@id":"https:\/\/evolute-institute.com\/terms-and-conditions\/","url":"https:\/\/evolute-institute.com\/terms-and-conditions\/","name":"Vilk\u00e5r og betingelser | Evolute Institute","isPartOf":{"@id":"https:\/\/evolute-institute.com\/#website"},"datePublished":"2022-06-16T09:15:09+00:00","dateModified":"2024-03-26T19:15:51+00:00","description":"Evolute Institutes vilk\u00e5r og betingelser.","breadcrumb":{"@id":"https:\/\/evolute-institute.com\/terms-and-conditions\/#breadcrumb"},"inLanguage":"nb-NO","potentialAction":[{"@type":"ReadAction","target":["https:\/\/evolute-institute.com\/terms-and-conditions\/"]}]},{"@type":"BreadcrumbList","@id":"https:\/\/evolute-institute.com\/terms-and-conditions\/#breadcrumb","itemListElement":[{"@type":"ListItem","position":1,"name":"Home","item":"https:\/\/evolute-institute.com\/"},{"@type":"ListItem","position":2,"name":"Terms and Conditions"}]},{"@type":"WebSite","@id":"https:\/\/evolute-institute.com\/#website","url":"https:\/\/evolute-institute.com\/","name":"Evolute Institute","description":"Psykedeliske psilocybin-retreater for banebrytende sjeler","publisher":{"@id":"https:\/\/evolute-institute.com\/#organization"},"potentialAction":[{"@type":"SearchAction","target":{"@type":"EntryPoint","urlTemplate":"https:\/\/evolute-institute.com\/?s={search_term_string}"},"query-input":{"@type":"PropertyValueSpecification","valueRequired":true,"valueName":"search_term_string"}}],"inLanguage":"nb-NO"},{"@type":"Organization","@id":"https:\/\/evolute-institute.com\/#organization","name":"Evolute Institute","url":"https:\/\/evolute-institute.com\/","logo":{"@type":"ImageObject","inLanguage":"nb-NO","@id":"https:\/\/evolute-institute.com\/#\/schema\/logo\/image\/","url":"https:\/\/evolute-institute.com\/wp-content\/uploads\/2021\/12\/evolute-e1694101618265.png","contentUrl":"https:\/\/evolute-institute.com\/wp-content\/uploads\/2021\/12\/evolute-e1694101618265.png","width":645,"height":570,"caption":"Evolute Institute"},"image":{"@id":"https:\/\/evolute-institute.com\/#\/schema\/logo\/image\/"}}]}},"_links":{"self":[{"href":"https:\/\/evolute-institute.com\/nb\/wp-json\/wp\/v2\/pages\/1585","targetHints":{"allow":["GET"]}}],"collection":[{"href":"https:\/\/evolute-institute.com\/nb\/wp-json\/wp\/v2\/pages"}],"about":[{"href":"https:\/\/evolute-institute.com\/nb\/wp-json\/wp\/v2\/types\/page"}],"author":[{"embeddable":true,"href":"https:\/\/evolute-institute.com\/nb\/wp-json\/wp\/v2\/users\/1491"}],"replies":[{"embeddable":true,"href":"https:\/\/evolute-institute.com\/nb\/wp-json\/wp\/v2\/comments?post=1585"}],"version-history":[{"count":20,"href":"https:\/\/evolute-institute.com\/nb\/wp-json\/wp\/v2\/pages\/1585\/revisions"}],"predecessor-version":[{"id":20444,"href":"https:\/\/evolute-institute.com\/nb\/wp-json\/wp\/v2\/pages\/1585\/revisions\/20444"}],"wp:attachment":[{"href":"https:\/\/evolute-institute.com\/nb\/wp-json\/wp\/v2\/media?parent=1585"}],"curies":[{"name":"wp","href":"https:\/\/api.w.org\/{rel}","templated":true}]}}