{"id":8884,"date":"2023-07-17T20:23:47","date_gmt":"2023-07-17T18:23:47","guid":{"rendered":"https:\/\/evolute-institute.com\/?page_id=8884"},"modified":"2023-07-22T08:48:02","modified_gmt":"2023-07-22T06:48:02","slug":"tack-for-ansokan-2","status":"publish","type":"page","link":"https:\/\/evolute-institute.com\/sv\/thanks-for-applying\/","title":{"rendered":"Tack f\u00f6r att du ans\u00f6kte till Evolute"},"content":{"rendered":"<div data-elementor-type=\"wp-page\" data-elementor-id=\"8884\" class=\"elementor elementor-8884\" data-elementor-post-type=\"page\">\n\t\t\t\t\t\t<section class=\"elementor-section elementor-top-section elementor-element elementor-element-1cec26e6 elementor-section-boxed elementor-section-height-default elementor-section-height-default\" data-id=\"1cec26e6\" data-element_type=\"section\" data-e-type=\"section\" data-settings=\"{&quot;background_background&quot;:&quot;classic&quot;}\">\n\t\t\t\t\t\t<div class=\"elementor-container elementor-column-gap-no\">\n\t\t\t\t\t<div class=\"elementor-column elementor-col-100 elementor-top-column elementor-element elementor-element-4c1c71fa\" data-id=\"4c1c71fa\" data-element_type=\"column\" data-e-type=\"column\">\n\t\t\t<div class=\"elementor-widget-wrap elementor-element-populated\">\n\t\t\t\t<div class=\"elementor-element elementor-element-4bd3986 e-flex e-con-boxed e-con e-parent\" data-id=\"4bd3986\" data-element_type=\"container\" data-e-type=\"container\">\n\t\t\t\t\t<div class=\"e-con-inner\">\n\t\t\t\t<div class=\"elementor-element elementor-element-2902d1d elementor-widget elementor-widget-heading\" data-id=\"2902d1d\" data-element_type=\"widget\" data-e-type=\"widget\" data-widget_type=\"heading.default\">\n\t\t\t\t<div class=\"elementor-widget-container\">\n\t\t\t\t\t<h2 class=\"elementor-heading-title elementor-size-default\">TACK F\u00d6R ANS\u00d6KAN!<\/h2>\t\t\t\t<\/div>\n\t\t\t\t<\/div>\n\t\t\t\t\t<\/div>\n\t\t\t\t<\/div>\n\t\t\t\t<div class=\"elementor-element elementor-element-448de065 elementor-widget elementor-widget-heading\" data-id=\"448de065\" data-element_type=\"widget\" data-e-type=\"widget\" data-widget_type=\"heading.default\">\n\t\t\t\t<div class=\"elementor-widget-container\">\n\t\t\t\t\t<h4 class=\"elementor-heading-title elementor-size-default\">Vi \u00e5terkommer till dig inom kort<\/h4>\t\t\t\t<\/div>\n\t\t\t\t<\/div>\n\t\t\t\t<div class=\"elementor-element elementor-element-4e87bbfa elementor-widget elementor-widget-heading\" data-id=\"4e87bbfa\" data-element_type=\"widget\" data-e-type=\"widget\" data-widget_type=\"heading.default\">\n\t\t\t\t<div class=\"elementor-widget-container\">\n\t\t\t\t\t<h5 class=\"elementor-heading-title elementor-size-default\">Under tiden \u00e4r du v\u00e4lkommen att boka ett samtal med Evolutes medgrundare Dmitrij<\/h5>\t\t\t\t<\/div>\n\t\t\t\t<\/div>\n\t\t\t\t<div class=\"elementor-element elementor-element-0efc7e7 elementor-widget elementor-widget-template\" data-id=\"0efc7e7\" data-element_type=\"widget\" data-e-type=\"widget\" data-widget_type=\"template.default\">\n\t\t\t\t<div class=\"elementor-widget-container\">\n\t\t\t\t\t\t\t<div class=\"elementor-template\">\n\t\t\t\t\t<div data-elementor-type=\"section\" data-elementor-id=\"4938\" class=\"elementor elementor-4938\" data-elementor-post-type=\"elementor_library\">\n\t\t\t\t\t<section class=\"elementor-section elementor-inner-section elementor-element elementor-element-4f6415ef elementor-section-boxed elementor-section-height-default elementor-section-height-default\" data-id=\"4f6415ef\" data-element_type=\"section\" data-e-type=\"section\">\n\t\t\t\t\t\t<div class=\"elementor-container elementor-column-gap-default\">\n\t\t\t\t\t<div class=\"elementor-column elementor-col-33 elementor-inner-column elementor-element elementor-element-754cbf0\" data-id=\"754cbf0\" data-element_type=\"column\" data-e-type=\"column\">\n\t\t\t<div class=\"elementor-widget-wrap\">\n\t\t\t\t\t\t\t<\/div>\n\t\t<\/div>\n\t\t\t\t<div class=\"elementor-column elementor-col-33 elementor-inner-column elementor-element elementor-element-2e6d0a8c\" data-id=\"2e6d0a8c\" data-element_type=\"column\" data-e-type=\"column\">\n\t\t\t<div class=\"elementor-widget-wrap elementor-element-populated\">\n\t\t\t\t\t\t<div class=\"elementor-element elementor-element-0ee5424 elementor-align-center elementor-widget elementor-widget-button\" data-id=\"0ee5424\" data-element_type=\"widget\" data-e-type=\"widget\" data-widget_type=\"button.default\">\n\t\t\t\t<div class=\"elementor-widget-container\">\n\t\t\t\t\t\t\t\t\t<div class=\"elementor-button-wrapper\">\n\t\t\t\t\t<a class=\"elementor-button elementor-button-link elementor-size-md\" href=\"https:\/\/calendly.com\/evolute_institute_da\/30-min-exploration-evolute\" target=\"_blank\">\n\t\t\t\t\t\t<span class=\"elementor-button-content-wrapper\">\n\t\t\t\t\t\t\t\t\t<span class=\"elementor-button-text\">Boka ett samtal med<\/span>\n\t\t\t\t\t<\/span>\n\t\t\t\t\t<\/a>\n\t\t\t\t<\/div>\n\t\t\t\t\t\t\t\t<\/div>\n\t\t\t\t<\/div>\n\t\t\t\t<div class=\"elementor-element elementor-element-4456744 elementor-widget elementor-widget-image\" data-id=\"4456744\" data-element_type=\"widget\" data-e-type=\"widget\" data-widget_type=\"image.default\">\n\t\t\t\t<div class=\"elementor-widget-container\">\n\t\t\t\t\t\t\t\t\t\t\t\t\t\t\t<img decoding=\"async\" src=\"https:\/\/evolute-institute.com\/wp-content\/uploads\/elementor\/thumbs\/Dimi_square_small-quwrl0uy8h45j3yjqp1hxd4h7qll64z8ll1tf84c0g.jpg\" title=\"Dimi_square_small\" alt=\"Dimi_square_small\" loading=\"lazy\" \/>\t\t\t\t\t\t\t\t\t\t\t\t\t\t\t<\/div>\n\t\t\t\t<\/div>\n\t\t\t\t<div class=\"elementor-element elementor-element-5412dce elementor-widget elementor-widget-text-editor\" data-id=\"5412dce\" data-element_type=\"widget\" data-e-type=\"widget\" data-widget_type=\"text-editor.default\">\n\t\t\t\t<div class=\"elementor-widget-container\">\n\t\t\t\t\t\t\t\t\t<p><strong>Dr. Dmitrij Achelrod<\/strong>,<br \/>medgrundare Evolute Institute<\/p>\t\t\t\t\t\t\t\t<\/div>\n\t\t\t\t<\/div>\n\t\t\t\t\t<\/div>\n\t\t<\/div>\n\t\t\t\t<div class=\"elementor-column elementor-col-33 elementor-inner-column elementor-element elementor-element-6371e277\" data-id=\"6371e277\" data-element_type=\"column\" data-e-type=\"column\">\n\t\t\t<div class=\"elementor-widget-wrap\">\n\t\t\t\t\t\t\t<\/div>\n\t\t<\/div>\n\t\t\t\t\t<\/div>\n\t\t<\/section>\n\t\t\t\t<\/div>\n\t\t\t\t<\/div>\n\t\t\t\t\t\t<\/div>\n\t\t\t\t<\/div>\n\t\t\t\t\t<\/div>\n\t\t<\/div>\n\t\t\t\t\t<\/div>\n\t\t<\/section>\n\t\t\t\t<\/div>","protected":false},"excerpt":{"rendered":"<p>Tack f\u00f6r att du ans\u00f6kte! Vi kommer att \u00e5terkomma till dig inom kort Under tiden \u00e4r du v\u00e4lkommen att boka ett samtal med Evolutes medgrundare Dmitrij<\/p>","protected":false},"author":1491,"featured_media":7073,"parent":0,"menu_order":0,"comment_status":"closed","ping_status":"closed","template":"","meta":{"footnotes":""},"class_list":["post-8884","page","type-page","status-publish","has-post-thumbnail","hentry"],"yoast_head":"<!-- This site is optimized with the Yoast SEO plugin v27.3 - https:\/\/yoast.com\/product\/yoast-seo-wordpress\/ -->\n<title>Thanks for applying to Evolute | Evolute Institute<\/title>\n<meta name=\"description\" content=\"Thank you for applying to Evolute Institute retreat programs\" \/>\n<meta name=\"robots\" content=\"index, follow, max-snippet:-1, max-image-preview:large, max-video-preview:-1\" \/>\n<link rel=\"canonical\" href=\"https:\/\/evolute-institute.com\/sv\/tack-for-ansokan-2\/\" \/>\n<meta property=\"og:locale\" content=\"sv_SE\" \/>\n<meta property=\"og:type\" content=\"article\" \/>\n<meta property=\"og:title\" content=\"Thanks for applying to Evolute | Evolute Institute\" \/>\n<meta property=\"og:description\" content=\"Thank you for applying to Evolute Institute retreat programs\" \/>\n<meta property=\"og:url\" content=\"https:\/\/evolute-institute.com\/sv\/tack-for-ansokan-2\/\" \/>\n<meta property=\"og:site_name\" content=\"Evolute Institute\" \/>\n<meta property=\"article:modified_time\" content=\"2023-07-22T06:48:02+00:00\" \/>\n<meta property=\"og:image\" content=\"https:\/\/evolute-institute.com\/wp-content\/uploads\/2023\/04\/compass-small-e1682869208311.jpg\" \/>\n\t<meta property=\"og:image:width\" content=\"422\" \/>\n\t<meta property=\"og:image:height\" content=\"427\" \/>\n\t<meta property=\"og:image:type\" content=\"image\/jpeg\" \/>\n<meta name=\"twitter:card\" content=\"summary_large_image\" \/>\n<meta name=\"twitter:label1\" content=\"Ber\u00e4knad l\u00e4stid\" \/>\n\t<meta name=\"twitter:data1\" content=\"1 minut\" \/>\n<script type=\"application\/ld+json\" class=\"yoast-schema-graph\">{\"@context\":\"https:\\\/\\\/schema.org\",\"@graph\":[{\"@type\":\"WebPage\",\"@id\":\"https:\\\/\\\/evolute-institute.com\\\/thanks-for-applying\\\/\",\"url\":\"https:\\\/\\\/evolute-institute.com\\\/thanks-for-applying\\\/\",\"name\":\"Thanks for applying to Evolute | Evolute Institute\",\"isPartOf\":{\"@id\":\"https:\\\/\\\/evolute-institute.com\\\/#website\"},\"primaryImageOfPage\":{\"@id\":\"https:\\\/\\\/evolute-institute.com\\\/thanks-for-applying\\\/#primaryimage\"},\"image\":{\"@id\":\"https:\\\/\\\/evolute-institute.com\\\/thanks-for-applying\\\/#primaryimage\"},\"thumbnailUrl\":\"https:\\\/\\\/evolute-institute.com\\\/wp-content\\\/uploads\\\/2023\\\/04\\\/compass-small-e1682869208311.jpg\",\"datePublished\":\"2023-07-17T18:23:47+00:00\",\"dateModified\":\"2023-07-22T06:48:02+00:00\",\"description\":\"Thank you for applying to Evolute Institute retreat programs\",\"breadcrumb\":{\"@id\":\"https:\\\/\\\/evolute-institute.com\\\/thanks-for-applying\\\/#breadcrumb\"},\"inLanguage\":\"sv-SE\",\"potentialAction\":[{\"@type\":\"ReadAction\",\"target\":[\"https:\\\/\\\/evolute-institute.com\\\/thanks-for-applying\\\/\"]}]},{\"@type\":\"ImageObject\",\"inLanguage\":\"sv-SE\",\"@id\":\"https:\\\/\\\/evolute-institute.com\\\/thanks-for-applying\\\/#primaryimage\",\"url\":\"https:\\\/\\\/evolute-institute.com\\\/wp-content\\\/uploads\\\/2023\\\/04\\\/compass-small-e1682869208311.jpg\",\"contentUrl\":\"https:\\\/\\\/evolute-institute.com\\\/wp-content\\\/uploads\\\/2023\\\/04\\\/compass-small-e1682869208311.jpg\",\"width\":422,\"height\":427},{\"@type\":\"BreadcrumbList\",\"@id\":\"https:\\\/\\\/evolute-institute.com\\\/thanks-for-applying\\\/#breadcrumb\",\"itemListElement\":[{\"@type\":\"ListItem\",\"position\":1,\"name\":\"Home\",\"item\":\"https:\\\/\\\/evolute-institute.com\\\/\"},{\"@type\":\"ListItem\",\"position\":2,\"name\":\"Thanks for applying to Evolute\"}]},{\"@type\":\"WebSite\",\"@id\":\"https:\\\/\\\/evolute-institute.com\\\/#website\",\"url\":\"https:\\\/\\\/evolute-institute.com\\\/\",\"name\":\"Evolute Institute\",\"description\":\"Psychedelic Psilocybin Retreats for Pioneering Minds\",\"publisher\":{\"@id\":\"https:\\\/\\\/evolute-institute.com\\\/#organization\"},\"potentialAction\":[{\"@type\":\"SearchAction\",\"target\":{\"@type\":\"EntryPoint\",\"urlTemplate\":\"https:\\\/\\\/evolute-institute.com\\\/?s={search_term_string}\"},\"query-input\":{\"@type\":\"PropertyValueSpecification\",\"valueRequired\":true,\"valueName\":\"search_term_string\"}}],\"inLanguage\":\"sv-SE\"},{\"@type\":\"Organization\",\"@id\":\"https:\\\/\\\/evolute-institute.com\\\/#organization\",\"name\":\"Evolute Institute\",\"url\":\"https:\\\/\\\/evolute-institute.com\\\/\",\"logo\":{\"@type\":\"ImageObject\",\"inLanguage\":\"sv-SE\",\"@id\":\"https:\\\/\\\/evolute-institute.com\\\/#\\\/schema\\\/logo\\\/image\\\/\",\"url\":\"https:\\\/\\\/evolute-institute.com\\\/wp-content\\\/uploads\\\/2021\\\/12\\\/evolute-e1694101618265.png\",\"contentUrl\":\"https:\\\/\\\/evolute-institute.com\\\/wp-content\\\/uploads\\\/2021\\\/12\\\/evolute-e1694101618265.png\",\"width\":645,\"height\":570,\"caption\":\"Evolute Institute\"},\"image\":{\"@id\":\"https:\\\/\\\/evolute-institute.com\\\/#\\\/schema\\\/logo\\\/image\\\/\"}}]}<\/script>\n<!-- \/ Yoast SEO plugin. -->","yoast_head_json":{"title":"Tack f\u00f6r att du ans\u00f6kte till Evolute | Evolute Institute","description":"Tack f\u00f6r att du ans\u00f6ker till Evolute Institute-retreatprogram","robots":{"index":"index","follow":"follow","max-snippet":"max-snippet:-1","max-image-preview":"max-image-preview:large","max-video-preview":"max-video-preview:-1"},"canonical":"https:\/\/evolute-institute.com\/sv\/tack-for-ansokan-2\/","og_locale":"sv_SE","og_type":"article","og_title":"Thanks for applying to Evolute | Evolute Institute","og_description":"Thank you for applying to Evolute Institute retreat programs","og_url":"https:\/\/evolute-institute.com\/sv\/tack-for-ansokan-2\/","og_site_name":"Evolute Institute","article_modified_time":"2023-07-22T06:48:02+00:00","og_image":[{"width":422,"height":427,"url":"https:\/\/evolute-institute.com\/wp-content\/uploads\/2023\/04\/compass-small-e1682869208311.jpg","type":"image\/jpeg"}],"twitter_card":"summary_large_image","twitter_misc":{"Ber\u00e4knad l\u00e4stid":"1 minut"},"schema":{"@context":"https:\/\/schema.org","@graph":[{"@type":"WebPage","@id":"https:\/\/evolute-institute.com\/thanks-for-applying\/","url":"https:\/\/evolute-institute.com\/thanks-for-applying\/","name":"Tack f\u00f6r att du ans\u00f6kte till Evolute | Evolute Institute","isPartOf":{"@id":"https:\/\/evolute-institute.com\/#website"},"primaryImageOfPage":{"@id":"https:\/\/evolute-institute.com\/thanks-for-applying\/#primaryimage"},"image":{"@id":"https:\/\/evolute-institute.com\/thanks-for-applying\/#primaryimage"},"thumbnailUrl":"https:\/\/evolute-institute.com\/wp-content\/uploads\/2023\/04\/compass-small-e1682869208311.jpg","datePublished":"2023-07-17T18:23:47+00:00","dateModified":"2023-07-22T06:48:02+00:00","description":"Tack f\u00f6r att du ans\u00f6ker till Evolute Institute-retreatprogram","breadcrumb":{"@id":"https:\/\/evolute-institute.com\/thanks-for-applying\/#breadcrumb"},"inLanguage":"sv-SE","potentialAction":[{"@type":"ReadAction","target":["https:\/\/evolute-institute.com\/thanks-for-applying\/"]}]},{"@type":"ImageObject","inLanguage":"sv-SE","@id":"https:\/\/evolute-institute.com\/thanks-for-applying\/#primaryimage","url":"https:\/\/evolute-institute.com\/wp-content\/uploads\/2023\/04\/compass-small-e1682869208311.jpg","contentUrl":"https:\/\/evolute-institute.com\/wp-content\/uploads\/2023\/04\/compass-small-e1682869208311.jpg","width":422,"height":427},{"@type":"BreadcrumbList","@id":"https:\/\/evolute-institute.com\/thanks-for-applying\/#breadcrumb","itemListElement":[{"@type":"ListItem","position":1,"name":"Home","item":"https:\/\/evolute-institute.com\/"},{"@type":"ListItem","position":2,"name":"Thanks for applying to Evolute"}]},{"@type":"WebSite","@id":"https:\/\/evolute-institute.com\/#website","url":"https:\/\/evolute-institute.com\/","name":"Evolute-institutet","description":"Psykedeliska Psilocybin-retreater f\u00f6r banbrytande sinnen","publisher":{"@id":"https:\/\/evolute-institute.com\/#organization"},"potentialAction":[{"@type":"SearchAction","target":{"@type":"EntryPoint","urlTemplate":"https:\/\/evolute-institute.com\/?s={search_term_string}"},"query-input":{"@type":"PropertyValueSpecification","valueRequired":true,"valueName":"search_term_string"}}],"inLanguage":"sv-SE"},{"@type":"Organization","@id":"https:\/\/evolute-institute.com\/#organization","name":"Evolute-institutet","url":"https:\/\/evolute-institute.com\/","logo":{"@type":"ImageObject","inLanguage":"sv-SE","@id":"https:\/\/evolute-institute.com\/#\/schema\/logo\/image\/","url":"https:\/\/evolute-institute.com\/wp-content\/uploads\/2021\/12\/evolute-e1694101618265.png","contentUrl":"https:\/\/evolute-institute.com\/wp-content\/uploads\/2021\/12\/evolute-e1694101618265.png","width":645,"height":570,"caption":"Evolute Institute"},"image":{"@id":"https:\/\/evolute-institute.com\/#\/schema\/logo\/image\/"}}]}},"_links":{"self":[{"href":"https:\/\/evolute-institute.com\/sv\/wp-json\/wp\/v2\/pages\/8884","targetHints":{"allow":["GET"]}}],"collection":[{"href":"https:\/\/evolute-institute.com\/sv\/wp-json\/wp\/v2\/pages"}],"about":[{"href":"https:\/\/evolute-institute.com\/sv\/wp-json\/wp\/v2\/types\/page"}],"author":[{"embeddable":true,"href":"https:\/\/evolute-institute.com\/sv\/wp-json\/wp\/v2\/users\/1491"}],"replies":[{"embeddable":true,"href":"https:\/\/evolute-institute.com\/sv\/wp-json\/wp\/v2\/comments?post=8884"}],"version-history":[{"count":0,"href":"https:\/\/evolute-institute.com\/sv\/wp-json\/wp\/v2\/pages\/8884\/revisions"}],"wp:featuredmedia":[{"embeddable":true,"href":"https:\/\/evolute-institute.com\/sv\/wp-json\/wp\/v2\/media\/7073"}],"wp:attachment":[{"href":"https:\/\/evolute-institute.com\/sv\/wp-json\/wp\/v2\/media?parent=8884"}],"curies":[{"name":"wp","href":"https:\/\/api.w.org\/{rel}","templated":true}]}}